{"id":279567,"date":"2016-04-26T13:45:33","date_gmt":"2016-04-26T13:45:33","guid":{"rendered":"https:\/\/www.antoremba-lodge.com\/attivita\/"},"modified":"2025-01-15T13:11:48","modified_gmt":"2025-01-15T13:11:48","slug":"attivita","status":"publish","type":"page","link":"https:\/\/www.antoremba-lodge.com\/it\/attivita\/","title":{"rendered":"Attivit\u00e0"},"content":{"rendered":"\n\n\n\n\n\n\n\n\n\n\n\n\n\n\n\n\n\n\n\n\n\n\n\n\n\n\n\n\n\n\n\n\n\n\n\n\n\n\n\n\n\n\n\n\n\n\n\n\n\n\n\n\n\n\n\n\n\n\n\n\n\n\n\n\n\n\n\n\n\n\n\n\n\n\n\n\n\n\n\n\n\n\n\n\n\n\n\n\n\n\n\n\n\n\n\n\n\n\n\n\n\n\n\n\n\n","protected":false},"excerpt":{"rendered":"","protected":false},"author":1,"featured_media":0,"parent":0,"menu_order":0,"comment_status":"closed","ping_status":"closed","template":"","meta":{"inline_featured_image":false,"footnotes":""},"class_list":["post-279567","page","type-page","status-publish","hentry"],"yoast_head":"<title>Attivit\u00e0 a Nosy Be Madagascar - Antoremba Lodge<\/title>\n<meta name=\"description\" content=\"Le attivit\u00e0 disponibili a Nosy Be - Antoremba Lodge non mancano. Sia in mare che a terra, ce n&#039;\u00e8 per tutti i gusti.\" \/>\n<meta name=\"robots\" content=\"index, follow, max-snippet:-1, max-image-preview:large, max-video-preview:-1\" \/>\n<link rel=\"canonical\" href=\"https:\/\/www.antoremba-lodge.com\/les-activites\/\" \/>\n<meta property=\"og:locale\" content=\"it_IT\" \/>\n<meta property=\"og:type\" content=\"article\" \/>\n<meta property=\"og:title\" content=\"Attivit\u00e0 a Nosy Be Madagascar - Antoremba Lodge\" \/>\n<meta property=\"og:description\" content=\"Le attivit\u00e0 disponibili a Nosy Be - Antoremba Lodge non mancano. Sia in mare che a terra, ce n&#039;\u00e8 per tutti i gusti.\" \/>\n<meta property=\"og:url\" content=\"https:\/\/www.antoremba-lodge.com\/les-activites\/\" \/>\n<meta property=\"og:site_name\" content=\"Antoremba Ecolodge\" \/>\n<meta property=\"article:publisher\" content=\"https:\/\/web.facebook.com\/Antorembalodge\/\" \/>\n<meta property=\"article:modified_time\" content=\"2025-01-15T13:11:48+00:00\" \/>\n<meta name=\"twitter:card\" content=\"summary_large_image\" \/>\n<script type=\"application\/ld+json\" class=\"yoast-schema-graph\">{\"@context\":\"https:\/\/schema.org\",\"@graph\":[{\"@type\":\"WebPage\",\"@id\":\"https:\/\/www.antoremba-lodge.com\/les-activites\/\",\"url\":\"https:\/\/www.antoremba-lodge.com\/les-activites\/\",\"name\":\"Attivit\u00e0 a Nosy Be Madagascar - Antoremba Lodge\",\"isPartOf\":{\"@id\":\"https:\/\/www.antoremba-lodge.com\/#website\"},\"datePublished\":\"2016-04-26T13:45:33+00:00\",\"dateModified\":\"2025-01-15T13:11:48+00:00\",\"description\":\"Le attivit\u00e0 disponibili a Nosy Be - Antoremba Lodge non mancano. Sia in mare che a terra, ce n'\u00e8 per tutti i gusti.\",\"breadcrumb\":{\"@id\":\"https:\/\/www.antoremba-lodge.com\/les-activites\/#breadcrumb\"},\"inLanguage\":\"it-IT\",\"potentialAction\":[{\"@type\":\"ReadAction\",\"target\":[\"https:\/\/www.antoremba-lodge.com\/les-activites\/\"]}]},{\"@type\":\"BreadcrumbList\",\"@id\":\"https:\/\/www.antoremba-lodge.com\/les-activites\/#breadcrumb\",\"itemListElement\":[{\"@type\":\"ListItem\",\"position\":1,\"name\":\"Accueil\",\"item\":\"https:\/\/www.antoremba-lodge.com\/it\/\"},{\"@type\":\"ListItem\",\"position\":2,\"name\":\"Attivit\u00e0\"}]},{\"@type\":\"WebSite\",\"@id\":\"https:\/\/www.antoremba-lodge.com\/#website\",\"url\":\"https:\/\/www.antoremba-lodge.com\/\",\"name\":\"Antoremba Ecolodge\",\"description\":\"\",\"publisher\":{\"@id\":\"https:\/\/www.antoremba-lodge.com\/#organization\"},\"potentialAction\":[{\"@type\":\"SearchAction\",\"target\":{\"@type\":\"EntryPoint\",\"urlTemplate\":\"https:\/\/www.antoremba-lodge.com\/?s={search_term_string}\"},\"query-input\":{\"@type\":\"PropertyValueSpecification\",\"valueRequired\":true,\"valueName\":\"search_term_string\"}}],\"inLanguage\":\"it-IT\"},{\"@type\":\"Organization\",\"@id\":\"https:\/\/www.antoremba-lodge.com\/#organization\",\"name\":\"Antoremba Ecolodge\",\"url\":\"https:\/\/www.antoremba-lodge.com\/\",\"logo\":{\"@type\":\"ImageObject\",\"inLanguage\":\"it-IT\",\"@id\":\"https:\/\/www.antoremba-lodge.com\/#\/schema\/logo\/image\/\",\"url\":\"https:\/\/www.fleo-prod.com\/media\/logo-antoremba-bleu.svg\",\"contentUrl\":\"https:\/\/www.fleo-prod.com\/media\/logo-antoremba-bleu.svg\",\"width\":\"1024\",\"height\":\"1024\",\"caption\":\"Antoremba Ecolodge\"},\"image\":{\"@id\":\"https:\/\/www.antoremba-lodge.com\/#\/schema\/logo\/image\/\"},\"sameAs\":[\"https:\/\/web.facebook.com\/Antorembalodge\/\",\"https:\/\/www.instagram.com\/antoremba_lodge\/\"]}]}<\/script>","yoast_head_json":{"title":"Attivit\u00e0 a Nosy Be Madagascar - Antoremba Lodge","description":"Le attivit\u00e0 disponibili a Nosy Be - Antoremba Lodge non mancano. Sia in mare che a terra, ce n'\u00e8 per tutti i gusti.","robots":{"index":"index","follow":"follow","max-snippet":"max-snippet:-1","max-image-preview":"max-image-preview:large","max-video-preview":"max-video-preview:-1"},"canonical":"https:\/\/www.antoremba-lodge.com\/les-activites\/","og_locale":"it_IT","og_type":"article","og_title":"Attivit\u00e0 a Nosy Be Madagascar - Antoremba Lodge","og_description":"Le attivit\u00e0 disponibili a Nosy Be - Antoremba Lodge non mancano. Sia in mare che a terra, ce n'\u00e8 per tutti i gusti.","og_url":"https:\/\/www.antoremba-lodge.com\/les-activites\/","og_site_name":"Antoremba Ecolodge","article_publisher":"https:\/\/web.facebook.com\/Antorembalodge\/","article_modified_time":"2025-01-15T13:11:48+00:00","twitter_card":"summary_large_image","schema":{"@context":"https:\/\/schema.org","@graph":[{"@type":"WebPage","@id":"https:\/\/www.antoremba-lodge.com\/les-activites\/","url":"https:\/\/www.antoremba-lodge.com\/les-activites\/","name":"Attivit\u00e0 a Nosy Be Madagascar - Antoremba Lodge","isPartOf":{"@id":"https:\/\/www.antoremba-lodge.com\/#website"},"datePublished":"2016-04-26T13:45:33+00:00","dateModified":"2025-01-15T13:11:48+00:00","description":"Le attivit\u00e0 disponibili a Nosy Be - Antoremba Lodge non mancano. Sia in mare che a terra, ce n'\u00e8 per tutti i gusti.","breadcrumb":{"@id":"https:\/\/www.antoremba-lodge.com\/les-activites\/#breadcrumb"},"inLanguage":"it-IT","potentialAction":[{"@type":"ReadAction","target":["https:\/\/www.antoremba-lodge.com\/les-activites\/"]}]},{"@type":"BreadcrumbList","@id":"https:\/\/www.antoremba-lodge.com\/les-activites\/#breadcrumb","itemListElement":[{"@type":"ListItem","position":1,"name":"Accueil","item":"https:\/\/www.antoremba-lodge.com\/it\/"},{"@type":"ListItem","position":2,"name":"Attivit\u00e0"}]},{"@type":"WebSite","@id":"https:\/\/www.antoremba-lodge.com\/#website","url":"https:\/\/www.antoremba-lodge.com\/","name":"Antoremba Ecolodge","description":"","publisher":{"@id":"https:\/\/www.antoremba-lodge.com\/#organization"},"potentialAction":[{"@type":"SearchAction","target":{"@type":"EntryPoint","urlTemplate":"https:\/\/www.antoremba-lodge.com\/?s={search_term_string}"},"query-input":{"@type":"PropertyValueSpecification","valueRequired":true,"valueName":"search_term_string"}}],"inLanguage":"it-IT"},{"@type":"Organization","@id":"https:\/\/www.antoremba-lodge.com\/#organization","name":"Antoremba Ecolodge","url":"https:\/\/www.antoremba-lodge.com\/","logo":{"@type":"ImageObject","inLanguage":"it-IT","@id":"https:\/\/www.antoremba-lodge.com\/#\/schema\/logo\/image\/","url":"https:\/\/www.fleo-prod.com\/media\/logo-antoremba-bleu.svg","contentUrl":"https:\/\/www.fleo-prod.com\/media\/logo-antoremba-bleu.svg","width":"1024","height":"1024","caption":"Antoremba Ecolodge"},"image":{"@id":"https:\/\/www.antoremba-lodge.com\/#\/schema\/logo\/image\/"},"sameAs":["https:\/\/web.facebook.com\/Antorembalodge\/","https:\/\/www.instagram.com\/antoremba_lodge\/"]}]}},"_links":{"self":[{"href":"https:\/\/www.antoremba-lodge.com\/it\/wp-json\/wp\/v2\/pages\/279567","targetHints":{"allow":["GET"]}}],"collection":[{"href":"https:\/\/www.antoremba-lodge.com\/it\/wp-json\/wp\/v2\/pages"}],"about":[{"href":"https:\/\/www.antoremba-lodge.com\/it\/wp-json\/wp\/v2\/types\/page"}],"author":[{"embeddable":true,"href":"https:\/\/www.antoremba-lodge.com\/it\/wp-json\/wp\/v2\/users\/1"}],"replies":[{"embeddable":true,"href":"https:\/\/www.antoremba-lodge.com\/it\/wp-json\/wp\/v2\/comments?post=279567"}],"version-history":[{"count":0,"href":"https:\/\/www.antoremba-lodge.com\/it\/wp-json\/wp\/v2\/pages\/279567\/revisions"}],"wp:attachment":[{"href":"https:\/\/www.antoremba-lodge.com\/it\/wp-json\/wp\/v2\/media?parent=279567"}],"curies":[{"name":"wp","href":"https:\/\/api.w.org\/{rel}","templated":true}]}}